{"id":36,"date":"2024-11-27T21:18:35","date_gmt":"2024-11-27T21:18:35","guid":{"rendered":"https:\/\/isilmobilya.com.tr\/?page_id=36"},"modified":"2024-12-02T18:11:40","modified_gmt":"2024-12-02T15:11:40","slug":"satis-noktalari","status":"publish","type":"page","link":"http:\/\/isilmobilya.com.tr\/en\/satis-noktalari\/","title":{"rendered":"Sales Points"},"content":{"rendered":"<div class=\"wpb-content-wrapper\"><div class=\"vc_row wpb_row vc_row-fluid\"><div class=\"wpb_column vc_column_container vc_col-sm-12\"><div class=\"vc_column-inner\"><div class=\"wpb_wrapper\">\n\t<div class=\"wpb_raw_code wpb_raw_html wpb_content_element\" >\n\t\t<div class=\"wpb_wrapper\">\n\t\t\t<h1>Sat\u0131\u015f Noktalar\u0131<\/h1>\n    <div class=\"filter\">\n        <select id=\"country\">\n            <option value=\"\">\u00dclke Se\u00e7in<\/option>\n            <option value=\"turkey\">T\u00fcrkiye<\/option>\n            <option value=\"germany\">Almanya<\/option>\n        <\/select>\n        <select id=\"city\">\n            <option value=\"\">\u015eehir Se\u00e7in<\/option>\n        <\/select>\n    <\/div>\n\n    <div class=\"row\" id=\"salesPoints\">\n        <!-- Sat\u0131\u015f noktalar\u0131 buraya y\u00fcklenecek -->\n    <\/div>\n\n    <script>\n        \/\/ Sat\u0131\u015f noktalar\u0131 verileri\n        const salesPointsData = {\n            turkey: {\n                adana: [\n    {\n        title: \"ADANA MOB\u0130LYA 1\",\n        address: \"Seyhan Mah. \u00d6rnek Cad. No 1 SEYHAN \/ ADANA\",\n        phones: [\"+90 542 586 52 26\", \"+90 542 586 52 27\"],\n        mapLink: \"https:\/\/maps.app.goo.gl\/AdanaMobilya1\",\n    },\n    {\n        title: \"ADANA MOB\u0130LYA 2\",\n        address: \"Y\u00fcre\u011fir Mah. Atat\u00fcrk Cad. No 5 Y\u00dcRE\u011e\u0130R \/ ADANA\",\n        phones: [\"+90 532 123 45 67\", \"+90 532 123 45 68\"],\n        mapLink: \"https:\/\/maps.app.goo.gl\/AdanaMobilya2\",\n    }\n],\n                ad\u0131yaman: [\n                    {\n                        title: \"ADIYAMAN MOB\u0130LYA\",\n                        address: \"Karamanl\u0131 Mah. E-5 Yanyol \u00dczeri No 186\/A MERKEZ \/ BOLU\",\n                        phones: [\"0 374 212 38 14\", \"0 552 812 38 14\"],\n                        mapLink: \"#\",\n                    }\n                ],\n                afyonkarahisar: [\n                    {\n                        title: \"AFYONKARAH\u0130SAR MOB\u0130LYA\",\n                        address: \"Karamanl\u0131 Mah. E-5 Yanyol \u00dczeri No 186\/A MERKEZ \/ BOLU\",\n                        phones: [\"0 374 212 38 14\", \"0 552 812 38 14\"],\n                        mapLink: \"#\",\n                    }\n                ],\n                agr\u0131: [\n                    {\n                        title: \"A\u011eRI MOB\u0130LYA\",\n                        address: \"Karamanl\u0131 Mah. E-5 Yanyol \u00dczeri No 186\/A MERKEZ \/ BOLU\",\n                        phones: [\"0 374 212 38 14\", \"0 552 812 38 14\"],\n                        mapLink: \"#\",\n                    }\n                ],\n                bolu: [\n                    {\n                        title: \"BOLU MOB\u0130LYA\",\n                        address: \"Karamanl\u0131 Mah. E-5 Yanyol \u00dczeri No 186\/A MERKEZ \/ BOLU\",\n                        phones: [\"0 374 212 38 14\", \"0 552 812 38 14\"],\n                        mapLink: \"#\",\n                    }\n                ],\n                istanbul: [\n                    {\n                        title: \"\u0130STANBUL MOB\u0130LYA\",\n                        address: \"Karamanl\u0131 Mah. E-5 Yanyol \u00dczeri No 186\/A MERKEZ \/ BOLU\",\n                        phones: [\"0 374 212 38 14\", \"0 552 812 38 14\"],\n                        mapLink: \"#\",\n                    }\n                ]\n            }\n        };\n\n        \/\/ HTML elementlerine eri\u015fim\n        const countrySelect = document.getElementById(\"country\");\n        const citySelect = document.getElementById(\"city\");\n        const salesPointsContainer = document.getElementById(\"salesPoints\");\n\n        \/\/ \u015eehir listesini g\u00fcncelle\n        countrySelect.addEventListener(\"change\", function () {\n            const selectedCountry = this.value;\n\n            \/\/ \u015eehir se\u00e7eneklerini temizle\n            citySelect.innerHTML = `<option value=\"\">\u015eehir Se\u00e7in<\/option>`;\n\n            \/\/ Se\u00e7ilen \u00fclkeye g\u00f6re \u015fehirleri ekle\n            if (selectedCountry && salesPointsData[selectedCountry]) {\n                Object.keys(salesPointsData[selectedCountry]).forEach(city => {\n                    const option = document.createElement(\"option\");\n                    option.value = city;\n                    option.textContent = city.charAt(0).toUpperCase() + city.slice(1); \/\/ \u0130lk harfi b\u00fcy\u00fck\n                    citySelect.appendChild(option);\n                });\n            }\n\n            \/\/ Sat\u0131\u015f noktalar\u0131n\u0131 temizle\n            salesPointsContainer.innerHTML = \"\";\n        });\n\n        \/\/ Sat\u0131\u015f noktalar\u0131n\u0131 g\u00f6ster\n        citySelect.addEventListener(\"change\", function () {\n            const selectedCountry = countrySelect.value;\n            const selectedCity = this.value;\n\n            \/\/ Sat\u0131\u015f noktalar\u0131n\u0131 temizle\n            salesPointsContainer.innerHTML = \"\";\n\n            \/\/ Sat\u0131\u015f noktalar\u0131n\u0131 ekle\n            if (selectedCountry && selectedCity && salesPointsData[selectedCountry][selectedCity]) {\n                salesPointsData[selectedCountry][selectedCity].forEach(point => {\n                    const pointDiv = document.createElement(\"div\");\n                    pointDiv.classList.add(\"col-lg-6\");\n\n                    pointDiv.innerHTML = `\n                        <div class=\"idea-box\">\n                            <strong class=\"title\">${point.title}<\/strong>\n                            <div><strong>Adres:<\/strong> ${point.address}<\/div>\n                            <div>\n                                <strong>Telefon:<\/strong>\n                                ${point.phones.map(phone => `<a href=\"tel:${phone}\">${phone}<\/a><br>`).join(\"\")}\n                                <br><a href=\"${point.mapLink}\"  class=\"yol-tarifi-row\" title=\"${point.title}\" target=\"_blank\" rel=\"noopener\">\n                                    <img decoding=\"async\" src=\"https:\/\/baturaycetin.com.tr\/isil\/wp-content\/uploads\/2024\/11\/adres-60x60.png\" alt=\"Haritalarda A\u00e7\"> Yol Tarifi Al\n                                <\/a>\n                            <\/div>\n                        <\/div>\n                    `;\n                    salesPointsContainer.appendChild(pointDiv);\n                });\n            }\n        });\n    <\/script>\n\n\t\t<\/div>\n\t<\/div>\n<\/div><\/div><\/div><\/div>\n<\/div>","protected":false},"excerpt":{"rendered":"Sat\u0131\u015f Noktalar\u0131 \u00dclke Se\u00e7in T\u00fcrkiye Almanya \u015eehir Se\u00e7in","protected":false},"author":1,"featured_media":0,"parent":0,"menu_order":0,"comment_status":"closed","ping_status":"closed","template":"","meta":{"footnotes":""},"class_list":["post-36","page","type-page","status-publish","hentry"],"_links":{"self":[{"href":"http:\/\/isilmobilya.com.tr\/en\/wp-json\/wp\/v2\/pages\/36","targetHints":{"allow":["GET"]}}],"collection":[{"href":"http:\/\/isilmobilya.com.tr\/en\/wp-json\/wp\/v2\/pages"}],"about":[{"href":"http:\/\/isilmobilya.com.tr\/en\/wp-json\/wp\/v2\/types\/page"}],"author":[{"embeddable":true,"href":"http:\/\/isilmobilya.com.tr\/en\/wp-json\/wp\/v2\/users\/1"}],"replies":[{"embeddable":true,"href":"http:\/\/isilmobilya.com.tr\/en\/wp-json\/wp\/v2\/comments?post=36"}],"version-history":[{"count":13,"href":"http:\/\/isilmobilya.com.tr\/en\/wp-json\/wp\/v2\/pages\/36\/revisions"}],"predecessor-version":[{"id":208,"href":"http:\/\/isilmobilya.com.tr\/en\/wp-json\/wp\/v2\/pages\/36\/revisions\/208"}],"wp:attachment":[{"href":"http:\/\/isilmobilya.com.tr\/en\/wp-json\/wp\/v2\/media?parent=36"}],"curies":[{"name":"wp","href":"https:\/\/api.w.org\/{rel}","templated":true}]}}