{"id":352,"date":"2025-01-27T14:15:15","date_gmt":"2025-01-27T11:15:15","guid":{"rendered":"https:\/\/isilmobilya.com.tr\/?page_id=352"},"modified":"2025-01-27T14:25:56","modified_gmt":"2025-01-27T11:25:56","slug":"kataloglar","status":"publish","type":"page","link":"https:\/\/isilmobilya.com.tr\/en\/kataloglar\/","title":{"rendered":"Kataloglar"},"content":{"rendered":"<div class=\"wpb-content-wrapper\"><div class=\"vc_row wpb_row vc_row-fluid\"><div class=\"wpb_column vc_column_container vc_col-sm-6\"><div class=\"vc_column-inner\"><div class=\"wpb_wrapper\">\n\t<div  class=\"wpb_single_image wpb_content_element vc_align_center\">\n\t\t\n\t\t<figure class=\"wpb_wrapper vc_figure\">\n\t\t\t<div class=\"vc_single_image-wrapper   vc_box_border_grey\"><img loading=\"lazy\" decoding=\"async\" width=\"2342\" height=\"1994\" src=\"https:\/\/isilmobilya.com.tr\/wp-content\/uploads\/2025\/01\/isil-katalog-1.png\" class=\"vc_single_image-img attachment-full\" alt=\"\" title=\"isil-katalog-1\" srcset=\"https:\/\/isilmobilya.com.tr\/wp-content\/uploads\/2025\/01\/isil-katalog-1.png 2342w, https:\/\/isilmobilya.com.tr\/wp-content\/uploads\/2025\/01\/isil-katalog-1-300x255.png 300w, https:\/\/isilmobilya.com.tr\/wp-content\/uploads\/2025\/01\/isil-katalog-1-1024x872.png 1024w, https:\/\/isilmobilya.com.tr\/wp-content\/uploads\/2025\/01\/isil-katalog-1-768x654.png 768w, https:\/\/isilmobilya.com.tr\/wp-content\/uploads\/2025\/01\/isil-katalog-1-1536x1308.png 1536w, https:\/\/isilmobilya.com.tr\/wp-content\/uploads\/2025\/01\/isil-katalog-1-2048x1744.png 2048w, https:\/\/isilmobilya.com.tr\/wp-content\/uploads\/2025\/01\/isil-katalog-1-14x12.png 14w, https:\/\/isilmobilya.com.tr\/wp-content\/uploads\/2025\/01\/isil-katalog-1-1200x1022.png 1200w, https:\/\/isilmobilya.com.tr\/wp-content\/uploads\/2025\/01\/isil-katalog-1-150x128.png 150w\" sizes=\"auto, (max-width: 2342px) 100vw, 2342px\" \/><\/div>\n\t\t<\/figure>\n\t<\/div>\n\n\t<div class=\"wpb_text_column wpb_content_element\" >\n\t\t<div class=\"wpb_wrapper\">\n\t\t\t<h3 style=\"text-align: center;\">2025 Catalog<\/h3>\n<p style=\"text-align: center;\"><a href=\"https:\/\/isilmobilya.com.tr\/wp-content\/uploads\/2025\/01\/isil-mobilya-2025-katalog.pdf\" target=\"_blank\" rel=\"noopener\">Download PDF<\/a><\/p>\n\n\t\t<\/div>\n\t<\/div>\n<\/div><\/div><\/div><div class=\"wpb_column vc_column_container vc_col-sm-6\"><div class=\"vc_column-inner\"><div class=\"wpb_wrapper\">\n\t<div  class=\"wpb_single_image wpb_content_element vc_align_center\">\n\t\t\n\t\t<figure class=\"wpb_wrapper vc_figure\">\n\t\t\t<div class=\"vc_single_image-wrapper   vc_box_border_grey\"><img loading=\"lazy\" decoding=\"async\" width=\"2342\" height=\"1994\" src=\"https:\/\/isilmobilya.com.tr\/wp-content\/uploads\/2025\/01\/isil-katalog-1.png\" class=\"vc_single_image-img attachment-full\" alt=\"\" title=\"isil-katalog-1\" srcset=\"https:\/\/isilmobilya.com.tr\/wp-content\/uploads\/2025\/01\/isil-katalog-1.png 2342w, https:\/\/isilmobilya.com.tr\/wp-content\/uploads\/2025\/01\/isil-katalog-1-300x255.png 300w, https:\/\/isilmobilya.com.tr\/wp-content\/uploads\/2025\/01\/isil-katalog-1-1024x872.png 1024w, https:\/\/isilmobilya.com.tr\/wp-content\/uploads\/2025\/01\/isil-katalog-1-768x654.png 768w, https:\/\/isilmobilya.com.tr\/wp-content\/uploads\/2025\/01\/isil-katalog-1-1536x1308.png 1536w, https:\/\/isilmobilya.com.tr\/wp-content\/uploads\/2025\/01\/isil-katalog-1-2048x1744.png 2048w, https:\/\/isilmobilya.com.tr\/wp-content\/uploads\/2025\/01\/isil-katalog-1-14x12.png 14w, https:\/\/isilmobilya.com.tr\/wp-content\/uploads\/2025\/01\/isil-katalog-1-1200x1022.png 1200w, https:\/\/isilmobilya.com.tr\/wp-content\/uploads\/2025\/01\/isil-katalog-1-150x128.png 150w\" sizes=\"auto, (max-width: 2342px) 100vw, 2342px\" \/><\/div>\n\t\t<\/figure>\n\t<\/div>\n\n\t<div class=\"wpb_text_column wpb_content_element\" >\n\t\t<div class=\"wpb_wrapper\">\n\t\t\t<h3 style=\"text-align: center;\">2025 New Products Catalog<\/h3>\n<p style=\"text-align: center;\"><a href=\"https:\/\/isilmobilya.com.tr\/wp-content\/uploads\/2025\/01\/Isil-Furniture-2025-Catalog.pdf\" target=\"_blank\" rel=\"noopener\">Download PDF<\/a><\/p>\n\n\t\t<\/div>\n\t<\/div>\n<\/div><\/div><\/div><\/div>\n<\/div>","protected":false},"excerpt":{"rendered":"2025 Katalog PDF \u0130ndir 2025 Yeni \u00dcr\u00fcnler Katalo\u011fu PDF \u0130ndir","protected":false},"author":1,"featured_media":0,"parent":0,"menu_order":0,"comment_status":"closed","ping_status":"closed","template":"","meta":{"footnotes":""},"class_list":["post-352","page","type-page","status-publish","hentry"],"_links":{"self":[{"href":"https:\/\/isilmobilya.com.tr\/en\/wp-json\/wp\/v2\/pages\/352","targetHints":{"allow":["GET"]}}],"collection":[{"href":"https:\/\/isilmobilya.com.tr\/en\/wp-json\/wp\/v2\/pages"}],"about":[{"href":"https:\/\/isilmobilya.com.tr\/en\/wp-json\/wp\/v2\/types\/page"}],"author":[{"embeddable":true,"href":"https:\/\/isilmobilya.com.tr\/en\/wp-json\/wp\/v2\/users\/1"}],"replies":[{"embeddable":true,"href":"https:\/\/isilmobilya.com.tr\/en\/wp-json\/wp\/v2\/comments?post=352"}],"version-history":[{"count":7,"href":"https:\/\/isilmobilya.com.tr\/en\/wp-json\/wp\/v2\/pages\/352\/revisions"}],"predecessor-version":[{"id":362,"href":"https:\/\/isilmobilya.com.tr\/en\/wp-json\/wp\/v2\/pages\/352\/revisions\/362"}],"wp:attachment":[{"href":"https:\/\/isilmobilya.com.tr\/en\/wp-json\/wp\/v2\/media?parent=352"}],"curies":[{"name":"wp","href":"https:\/\/api.w.org\/{rel}","templated":true}]}}