{"id":380,"date":"2025-05-17T15:48:13","date_gmt":"2025-05-17T12:48:13","guid":{"rendered":"https:\/\/isilmobilya.com.tr\/?post_type=product&#038;p=380"},"modified":"2026-02-28T23:49:13","modified_gmt":"2026-02-28T20:49:13","slug":"nobu-yatak-odasi","status":"publish","type":"product","link":"https:\/\/isilmobilya.com.tr\/en\/product\/nobu-yatak-odasi\/","title":{"rendered":"Nobu <span class=\"subtitle\">Bedroom<\/span>"},"content":{"rendered":"","protected":false},"excerpt":{"rendered":"<table border=\"1\" width=\"100%\" cellspacing=\"1\" cellpadding=\"10\">\n<tbody>\n<tr>\n<td><strong>Module<\/strong><\/td>\n<td><strong>Width<\/strong><\/td>\n<td><strong>Height<\/strong><\/td>\n<td><strong>Depth<\/strong><\/td>\n<\/tr>\n<tr>\n<td>6 Kapakl\u0131 Dolap<\/td>\n<td>277cm<\/td>\n<td>228cm<\/td>\n<td>68cm<\/td>\n<\/tr>\n<tr>\n<td>Karyola D\u0131\u015f\u0131 (Yan D\u00f6\u015femesiz)<\/td>\n<td>200cm<\/td>\n<td>42cm<\/td>\n<td>233cm<\/td>\n<\/tr>\n<tr>\n<td>Karyola D\u0131\u015f\u0131 (Yan D\u00f6\u015femeli)<\/td>\n<td>200cm<\/td>\n<td>42cm<\/td>\n<td>246cm<\/td>\n<\/tr>\n<tr>\n<td>Karyola Ba\u015f\u0131 (Yan D\u00f6\u015femesiz)<\/td>\n<td>240cm<\/td>\n<td>114cm<\/td>\n<td><\/td>\n<\/tr>\n<tr>\n<td>Karyola Ba\u015f\u0131 (Yan D\u00f6\u015femeli)<\/td>\n<td>310cm<\/td>\n<td>114cm<\/td>\n<td><\/td>\n<\/tr>\n<tr>\n<td>Dresser<\/td>\n<td>150cm<\/td>\n<td>79cm<\/td>\n<td>50cm<\/td>\n<\/tr>\n<tr>\n<td>\u015eifonyer Ayna<\/td>\n<td>64cm<\/td>\n<td>188cm<\/td>\n<td><\/td>\n<\/tr>\n<tr>\n<td>Commode<\/td>\n<td>70cm<\/td>\n<td>49cm<\/td>\n<td>50cm<\/td>\n<\/tr>\n<tr>\n<td>Puf<\/td>\n<td>50cm<\/td>\n<td>50cm<\/td>\n<td><\/td>\n<\/tr>\n<\/tbody>\n<\/table>","protected":false},"featured_media":382,"comment_status":"open","ping_status":"closed","template":"","meta":[],"product_brand":[],"product_cat":[18],"product_tag":[],"class_list":{"0":"post-380","1":"product","2":"type-product","3":"status-publish","4":"has-post-thumbnail","6":"product_cat-yatak-odasi","8":"first","9":"instock","10":"shipping-taxable","11":"product-type-simple"},"_links":{"self":[{"href":"https:\/\/isilmobilya.com.tr\/en\/wp-json\/wp\/v2\/product\/380","targetHints":{"allow":["GET"]}}],"collection":[{"href":"https:\/\/isilmobilya.com.tr\/en\/wp-json\/wp\/v2\/product"}],"about":[{"href":"https:\/\/isilmobilya.com.tr\/en\/wp-json\/wp\/v2\/types\/product"}],"replies":[{"embeddable":true,"href":"https:\/\/isilmobilya.com.tr\/en\/wp-json\/wp\/v2\/comments?post=380"}],"wp:featuredmedia":[{"embeddable":true,"href":"https:\/\/isilmobilya.com.tr\/en\/wp-json\/wp\/v2\/media\/382"}],"wp:attachment":[{"href":"https:\/\/isilmobilya.com.tr\/en\/wp-json\/wp\/v2\/media?parent=380"}],"wp:term":[{"taxonomy":"product_brand","embeddable":true,"href":"https:\/\/isilmobilya.com.tr\/en\/wp-json\/wp\/v2\/product_brand?post=380"},{"taxonomy":"product_cat","embeddable":true,"href":"https:\/\/isilmobilya.com.tr\/en\/wp-json\/wp\/v2\/product_cat?post=380"},{"taxonomy":"product_tag","embeddable":true,"href":"https:\/\/isilmobilya.com.tr\/en\/wp-json\/wp\/v2\/product_tag?post=380"}],"curies":[{"name":"wp","href":"https:\/\/api.w.org\/{rel}","templated":true}]}}